{"id":5014,"date":"2024-10-07T20:52:32","date_gmt":"2024-10-07T20:52:32","guid":{"rendered":"https:\/\/www.audiokiss.com\/tvlatina\/?page_id=5014"},"modified":"2024-10-08T13:33:05","modified_gmt":"2024-10-08T13:33:05","slug":"politica-de-privacidad","status":"publish","type":"page","link":"https:\/\/www.audiokiss.com\/tvlatina\/politica-de-privacidad\/","title":{"rendered":"Pol\u00edtica de Privacidad"},"content":{"rendered":"\t\t<div data-elementor-type=\"wp-page\" data-elementor-id=\"5014\" class=\"elementor elementor-5014\" data-elementor-post-type=\"page\">\n\t\t\t\t\t\t<section data-particle_enable=\"false\" data-particle-mobile-disabled=\"false\" class=\"elementor-section elementor-top-section elementor-element elementor-element-37005e25 elementor-section-boxed elementor-section-height-default elementor-section-height-default\" data-id=\"37005e25\" data-element_type=\"section\" data-e-type=\"section\" data-settings=\"{&quot;background_background&quot;:&quot;classic&quot;}\">\n\t\t\t\t\t\t<div class=\"elementor-container elementor-column-gap-default\">\n\t\t\t\t\t<div class=\"elementor-column elementor-col-16 elementor-top-column elementor-element elementor-element-50b7e392\" data-id=\"50b7e392\" data-element_type=\"column\" data-e-type=\"column\">\n\t\t\t<div class=\"elementor-widget-wrap\">\n\t\t\t\t\t\t\t<\/div>\n\t\t<\/div>\n\t\t\t\t<div class=\"elementor-column elementor-col-66 elementor-top-column elementor-element elementor-element-14929f2\" data-id=\"14929f2\" data-element_type=\"column\" data-e-type=\"column\">\n\t\t\t<div class=\"elementor-widget-wrap elementor-element-populated\">\n\t\t\t\t\t\t<div class=\"elementor-element elementor-element-bdcb888 elementor-widget elementor-widget-spacer\" data-id=\"bdcb888\" data-element_type=\"widget\" data-e-type=\"widget\" data-widget_type=\"spacer.default\">\n\t\t\t\t<div class=\"elementor-widget-container\">\n\t\t\t\t\t\t\t<div class=\"elementor-spacer\">\n\t\t\t<div class=\"elementor-spacer-inner\"><\/div>\n\t\t<\/div>\n\t\t\t\t\t\t<\/div>\n\t\t\t\t<\/div>\n\t\t\t\t<div class=\"elementor-element elementor-element-11b1750 elementor-widget elementor-widget-heading\" data-id=\"11b1750\" data-element_type=\"widget\" data-e-type=\"widget\" data-widget_type=\"heading.default\">\n\t\t\t\t<div class=\"elementor-widget-container\">\n\t\t\t\t\t<h2 class=\"elementor-heading-title elementor-size-default\">Pol\u00edtica de privacidad<\/h2>\t\t\t\t<\/div>\n\t\t\t\t<\/div>\n\t\t\t\t<div class=\"elementor-element elementor-element-3a152392 elementor-widget elementor-widget-text-editor\" data-id=\"3a152392\" data-element_type=\"widget\" data-e-type=\"widget\" data-widget_type=\"text-editor.default\">\n\t\t\t\t<div class=\"elementor-widget-container\">\n\t\t\t\t\t\t\t\t\t<p style=\"text-align: center;\">\u00daltima actualizaci\u00f3n: 7 de octubre de 2024<\/p><p>Esta Pol\u00edtica de Privacidad describe Nuestras pol\u00edticas y procedimientos sobre la recopilaci\u00f3n, uso y divulgaci\u00f3n de Su informaci\u00f3n cuando utiliza el Servicio y le informa sobre Sus derechos de privacidad y c\u00f3mo la ley lo protege.<\/p><p>\u00a0<\/p><p>Utilizamos sus datos personales para proporcionar y mejorar el Servicio. Al utilizar el Servicio, usted acepta la recopilaci\u00f3n y el uso de informaci\u00f3n de acuerdo con esta Pol\u00edtica de privacidad. Esta Pol\u00edtica de privacidad se ha creado con la ayuda del Generador de pol\u00edticas de privacidad .<\/p><p>\u00a0<\/p><h4>Interpretaci\u00f3n y definiciones<br \/>Interpretaci\u00f3n<\/h4><p>Las palabras cuya letra inicial est\u00e1 en may\u00fascula tienen significados definidos en las siguientes condiciones. Las siguientes definiciones tendr\u00e1n el mismo significado independientemente de que aparezcan en singular o en plural.<\/p><h4>Definiciones<\/h4><h4>A los efectos de esta Pol\u00edtica de Privacidad:<\/h4><p><strong>Cuenta<\/strong> significa una cuenta \u00fanica creada para que Usted acceda a nuestro Servicio o partes de nuestro Servicio.<\/p><p><strong>Afiliado<\/strong> significa una entidad que controla, es controlada por o est\u00e1 bajo control com\u00fan con una parte, donde \u00abcontrol\u00bb significa propiedad del 50% o m\u00e1s de las acciones, participaci\u00f3n patrimonial u otros valores con derecho a voto para la elecci\u00f3n de directores u otra autoridad administrativa.<\/p><p><strong>La aplicaci\u00f3n<\/strong> se refiere a radio audiokiss red tv latina, el programa de software proporcionado por la Compa\u00f1\u00eda.<\/p><p><strong>La empresa<\/strong> (a la que en este Acuerdo se hace referencia como \u00abla empresa\u00bb, \u00abnosotros\u00bb, \u00abnos\u00bb o \u00abnuestro\u00bb) se refiere a audiokiss.<\/p><p><strong>Las cookies<\/strong> son peque\u00f1os archivos que un sitio web coloca en su computadora, dispositivo m\u00f3vil o cualquier otro dispositivo y que contienen los detalles de su historial de navegaci\u00f3n en ese sitio web, entre sus muchos usos.<\/p><p><strong>Pa\u00eds<\/strong> se refiere a: Bolivia<\/p><p><strong>Dispositivo<\/strong> significa cualquier dispositivo que pueda acceder al Servicio, como una computadora, un tel\u00e9fono celular o una tableta digital.<\/p><p><strong>Datos Personales<\/strong> son cualquier informaci\u00f3n relacionada con una persona f\u00edsica identificada o identificable.<\/p><p><strong>Servicio<\/strong> se refiere a la Aplicaci\u00f3n o al Sitio web o a ambos.<\/p><p><strong>Proveedor de servicios<\/strong> significa cualquier persona f\u00edsica o jur\u00eddica que procesa los datos en nombre de la Compa\u00f1\u00eda. Se refiere a empresas o individuos de terceros empleados por la Compa\u00f1\u00eda para facilitar el Servicio, para proporcionar el Servicio en nombre de la Compa\u00f1\u00eda, para realizar servicios relacionados con el Servicio o para ayudar a la Compa\u00f1\u00eda a analizar c\u00f3mo se utiliza el Servicio.<\/p><p><strong>Servicio de redes sociales de terceros<\/strong> se refiere a cualquier sitio web o sitio web de red social a trav\u00e9s del cual un Usuario puede iniciar sesi\u00f3n o crear una cuenta para utilizar el Servicio.<\/p><p><strong>Los datos de uso<\/strong> se refieren a los datos recopilados autom\u00e1ticamente, ya sea generados por el uso del Servicio o por la propia infraestructura del Servicio (por ejemplo, la duraci\u00f3n de la visita a una p\u00e1gina).<\/p><p><strong>El sitio web<\/strong> se refiere a audiokiss, accesible desde http:\/\/www.audiokiss.com<\/p><p><strong>Usted<\/strong> significa el individuo que accede o utiliza el Servicio, o la empresa u otra entidad legal en nombre de la cual dicho individuo accede o utiliza el Servicio, seg\u00fan corresponda.<\/p><h4>Recopilaci\u00f3n y uso de sus datos personales<\/h4><p><strong>Tipos de datos recopilados<\/strong><\/p><p>\u00a0<\/p><p><strong>Datos personales<\/strong><br \/>Al utilizar nuestro Servicio, podemos solicitarle que nos proporcione cierta informaci\u00f3n de identificaci\u00f3n personal que se puede utilizar para contactarlo o identificarlo. La informaci\u00f3n de identificaci\u00f3n personal puede incluir, entre otras cosas:<\/p><p><strong>Direcci\u00f3n de correo electr\u00f3nico<\/strong><\/p><p>\u00a0<\/p><p><strong>Datos de uso<\/strong><\/p><p>Los datos de uso se recopilan autom\u00e1ticamente al utilizar el Servicio.<\/p><p>Los datos de uso pueden incluir informaci\u00f3n como la direcci\u00f3n de protocolo de Internet de su dispositivo (por ejemplo, direcci\u00f3n IP), el tipo de navegador, la versi\u00f3n del navegador, las p\u00e1ginas de nuestro Servicio que visita, la hora y la fecha de su visita, el tiempo dedicado a esas p\u00e1ginas, identificadores \u00fanicos del dispositivo y otros datos de diagn\u00f3stico.<\/p><p>Cuando accede al Servicio mediante o a trav\u00e9s de un dispositivo m\u00f3vil, podemos recopilar cierta informaci\u00f3n autom\u00e1ticamente, incluyendo, entre otros, el tipo de dispositivo m\u00f3vil que utiliza, la identificaci\u00f3n \u00fanica de su dispositivo m\u00f3vil, la direcci\u00f3n IP de su dispositivo m\u00f3vil, su sistema operativo m\u00f3vil, el tipo de navegador de Internet m\u00f3vil que utiliza, identificadores \u00fanicos de dispositivo y otros datos de diagn\u00f3stico.<\/p><p>Tambi\u00e9n podemos recopilar informaci\u00f3n que su navegador env\u00eda cada vez que visita nuestro Servicio o cuando accede al Servicio mediante un dispositivo m\u00f3vil.<\/p><p>\u00a0<\/p><p><strong>Informaci\u00f3n de servicios de redes sociales de terceros<\/strong><\/p><p>La Compa\u00f1\u00eda le permite crear una cuenta e iniciar sesi\u00f3n para utilizar el Servicio a trav\u00e9s de los siguientes Servicios de redes sociales de terceros:<\/p><ul><li>Google<\/li><li>Facebook<\/li><li>Instagram<\/li><li>Gorjeo<\/li><li>LinkedIn<\/li><\/ul><p>Si decide registrarse o concedernos acceso a un servicio de redes sociales de terceros, podremos recopilar datos personales que ya est\u00e9n asociados con su cuenta de servicio de redes sociales de terceros, como su nombre, su direcci\u00f3n de correo electr\u00f3nico, sus actividades o su lista de contactos asociada a esa cuenta.<\/p><p>Tambi\u00e9n puede tener la opci\u00f3n de compartir informaci\u00f3n adicional con la Compa\u00f1\u00eda a trav\u00e9s de su cuenta de servicio de redes sociales de terceros. Si elige proporcionar dicha informaci\u00f3n y datos personales, durante el registro o de otro modo, le est\u00e1 otorgando permiso a la Compa\u00f1\u00eda para usarlos, compartirlos y almacenarlos de manera coherente con esta Pol\u00edtica de privacidad.<\/p><p>\u00a0<\/p><p><strong>Informaci\u00f3n recopilada durante el uso de la aplicaci\u00f3n<\/strong><br \/>Al utilizar nuestra aplicaci\u00f3n, con el fin de proporcionar funciones de nuestra aplicaci\u00f3n, podemos recopilar, con su permiso previo:<\/p><p><strong>Informaci\u00f3n sobre su ubicaci\u00f3n<\/strong><br \/>Utilizamos esta informaci\u00f3n para proporcionar funciones de nuestro Servicio, para mejorarlo y personalizarlo. La informaci\u00f3n puede cargarse en los servidores de la Compa\u00f1\u00eda y\/o en el servidor de un Proveedor de Servicios o simplemente puede almacenarse en su dispositivo.<\/p><p>\u00a0<\/p><p><strong>Puede habilitar o deshabilitar el acceso a esta informaci\u00f3n en cualquier momento, a trav\u00e9s de la configuraci\u00f3n de su dispositivo.<\/strong><\/p><p>\u00a0<\/p><p><strong>Tecnolog\u00edas de seguimiento y cookies<\/strong><br \/>Utilizamos cookies y tecnolog\u00edas de seguimiento similares para rastrear la actividad en nuestro Servicio y almacenar cierta informaci\u00f3n. Las tecnolog\u00edas de seguimiento utilizadas son balizas, etiquetas y scripts para recopilar y rastrear informaci\u00f3n y para mejorar y analizar nuestro Servicio. Las tecnolog\u00edas que utilizamos pueden incluir:<\/p><p>\u00a0<\/p><p><strong>Cookies o Cookies del Navegador.<\/strong> Una cookie es un peque\u00f1o archivo que se coloca en Su Dispositivo. Usted puede indicarle a Su navegador que rechace todas las Cookies o que le indique cu\u00e1ndo se env\u00eda una Cookie. Sin embargo, si no acepta las Cookies, es posible que no pueda utilizar algunas partes de nuestro Servicio. A menos que haya ajustado la configuraci\u00f3n de Su navegador para que rechace las Cookies, nuestro Servicio puede utilizar Cookies.<br \/>Balizas web. Algunas secciones de nuestro Servicio y nuestros correos electr\u00f3nicos pueden contener peque\u00f1os archivos electr\u00f3nicos conocidos como balizas web (tambi\u00e9n conocidos como gifs transparentes, etiquetas de p\u00edxeles y gifs de un solo p\u00edxel) que permiten a la Compa\u00f1\u00eda, por ejemplo, contar los usuarios que han visitado esas p\u00e1ginas o han abierto un correo electr\u00f3nico y para otras estad\u00edsticas relacionadas con el sitio web (por ejemplo, registrar la popularidad de una determinada secci\u00f3n y verificar la integridad del sistema y del servidor).<br \/>Las cookies pueden ser \u00abpersistentes\u00bb o \u00abde sesi\u00f3n\u00bb. Las cookies persistentes permanecen en su computadora personal o dispositivo m\u00f3vil cuando se desconecta, mientras que las cookies de sesi\u00f3n se eliminan tan pronto como cierra su navegador web. Obtenga m\u00e1s informaci\u00f3n sobre las cookies en el art\u00edculo del sitio web Pol\u00edticas de privacidad .<\/p><p>\u00a0<\/p><p><strong>Utilizamos cookies de sesi\u00f3n y persistentes para los fines que se detallan a continuaci\u00f3n:<\/strong><\/p><p>Cookies necesarias\/esenciales<\/p><p>Tipo: Cookies de sesi\u00f3n<\/p><p>Administrado por: Nosotros<\/p><p>Finalidad: Estas cookies son esenciales para proporcionarle los servicios disponibles a trav\u00e9s del sitio web y permitirle utilizar algunas de sus funciones. Ayudan a autenticar a los usuarios y a evitar el uso fraudulento de las cuentas de usuario. Sin estas cookies, no se pueden proporcionar los servicios que ha solicitado y solo utilizamos estas cookies para proporcionarle dichos servicios.<\/p><p>\u00a0<\/p><p><strong>Pol\u00edtica de Cookies \/ Aviso de Aceptaci\u00f3n de Cookies<\/strong><\/p><p>Tipo: Cookies persistentes<\/p><p>Administrado por: Nosotros<\/p><p>Finalidad: Estas Cookies identifican si los usuarios han aceptado el uso de cookies en el Sitio Web.<\/p><p>Cookies de funcionalidad<\/p><p>Tipo: Cookies persistentes<\/p><p>Administrado por: Nosotros<\/p><p>\u00a0<\/p><p><strong>Finalidad:<\/strong> Estas cookies nos permiten recordar las opciones que usted elige cuando utiliza el sitio web, como por ejemplo sus datos de acceso o su preferencia de idioma. La finalidad de estas cookies es proporcionarle una experiencia m\u00e1s personalizada y evitar que tenga que volver a introducir sus preferencias cada vez que utilice el sitio web.<\/p><p>Para obtener m\u00e1s informaci\u00f3n sobre las cookies que utilizamos y sus opciones con respecto a las cookies, visite nuestra Pol\u00edtica de cookies o la secci\u00f3n de Cookies de nuestra Pol\u00edtica de privacidad.<\/p><p>\u00a0<\/p><p><strong>Uso de sus datos personales<\/strong><br \/><strong>La Compa\u00f1\u00eda podr\u00e1 utilizar los Datos Personales para los siguientes fines:<\/strong><\/p><p>Para proporcionar y mantener nuestro Servicio , incluido el seguimiento del uso del mismo.<\/p><p>Para gestionar su cuenta: para gestionar su registro como usuario del Servicio. Los Datos Personales que proporcione pueden darle acceso a diferentes funcionalidades del Servicio que est\u00e1n disponibles para usted como usuario registrado.<\/p><p>Para la ejecuci\u00f3n de un contrato: el desarrollo, cumplimiento y ejecuci\u00f3n del contrato de compra de los productos, art\u00edculos o servicios que Usted ha adquirido o de cualquier otro contrato con Nosotros a trav\u00e9s del Servicio.<\/p><p>Para contactar con Usted: Para comunicarnos con Usted por correo electr\u00f3nico, llamadas telef\u00f3nicas, SMS u otras formas equivalentes de comunicaci\u00f3n electr\u00f3nica, como las notificaciones push de una aplicaci\u00f3n m\u00f3vil sobre actualizaciones o comunicaciones informativas relacionadas con las funcionalidades, productos o servicios contratados, incluidas las actualizaciones de seguridad, cuando sea necesario o razonable para su implementaci\u00f3n.<\/p><p>Para brindarle noticias, ofertas especiales e informaci\u00f3n general sobre otros bienes, servicios y eventos que ofrecemos y que sean similares a los que ya ha comprado o consultado, a menos que haya optado por no recibir dicha informaci\u00f3n.<\/p><p>Para gestionar sus solicitudes: Para atender y gestionar las solicitudes que nos env\u00ede.<\/p><p>Para transferencias comerciales: Podemos utilizar su informaci\u00f3n para evaluar o llevar a cabo una fusi\u00f3n, desinversi\u00f3n, reestructuraci\u00f3n, reorganizaci\u00f3n, disoluci\u00f3n u otra venta o transferencia de algunos o todos nuestros activos, ya sea como un negocio en marcha o como parte de una quiebra, liquidaci\u00f3n o procedimiento similar, en el que los datos personales que tenemos sobre los usuarios de nuestro Servicio se encuentran entre los activos transferidos.<\/p><p>Para otros fines : Podemos utilizar su informaci\u00f3n para otros fines, como an\u00e1lisis de datos, identificaci\u00f3n de tendencias de uso, determinaci\u00f3n de la efectividad de nuestras campa\u00f1as promocionales y para evaluar y mejorar nuestro Servicio, productos, servicios, marketing y su experiencia.<\/p><p>Podemos compartir su informaci\u00f3n personal en las siguientes situaciones:<\/p><p>Con proveedores de servicios: Podemos compartir su informaci\u00f3n personal con proveedores de servicios para monitorear y analizar el uso de nuestro Servicio y para comunicarnos con usted.<\/p><p>\u00a0<\/p><p><strong>Para transferencias comerciales:<\/strong> Podemos compartir o transferir su informaci\u00f3n personal en relaci\u00f3n con, o durante las negociaciones de, cualquier fusi\u00f3n, venta de activos de la empresa, financiamiento o adquisici\u00f3n de la totalidad o parte de nuestro negocio a otra empresa.<br \/>Con afiliados: podemos compartir su informaci\u00f3n con nuestros afiliados, en cuyo caso les exigiremos que respeten esta Pol\u00edtica de privacidad. Los afiliados incluyen nuestra empresa matriz y cualquier otra subsidiaria, socios de empresas conjuntas u otras empresas que controlamos o que est\u00e1n bajo control com\u00fan con nosotros.<br \/>Con socios comerciales: Podemos compartir su informaci\u00f3n con nuestros socios comerciales para ofrecerle ciertos productos, servicios o promociones.<br \/>Con otros usuarios: cuando compartes informaci\u00f3n personal o interact\u00faas de otro modo en las \u00e1reas p\u00fablicas con otros usuarios, dicha informaci\u00f3n podr\u00e1 ser vista por todos los usuarios y podr\u00e1 ser distribuida p\u00fablicamente en el exterior. Si interact\u00faas con otros usuarios o te registras a trav\u00e9s de un Servicio de Redes Sociales de Terceros, tus contactos en el Servicio de Redes Sociales de Terceros podr\u00e1n ver tu nombre, perfil, fotos y descripci\u00f3n de tu actividad. De manera similar, otros usuarios podr\u00e1n ver descripciones de tu actividad, comunicarse contigo y ver tu perfil.<br \/>Con su consentimiento : Podemos divulgar su informaci\u00f3n personal para cualquier otro prop\u00f3sito con su consentimiento.<br \/>Conservaci\u00f3n de sus datos personales<br \/>La Compa\u00f1\u00eda conservar\u00e1 sus Datos Personales \u00fanicamente durante el tiempo que sea necesario para los fines establecidos en esta Pol\u00edtica de Privacidad. Conservaremos y utilizaremos sus Datos Personales en la medida necesaria para cumplir con nuestras obligaciones legales (por ejemplo, si estamos obligados a conservar sus datos para cumplir con las leyes aplicables), resolver disputas y hacer cumplir nuestros acuerdos y pol\u00edticas legales.<\/p><p>\u00a0<\/p><p><strong>La Compa\u00f1\u00eda tambi\u00e9n conservar\u00e1 los Datos de uso para fines de an\u00e1lisis interno.<\/strong> Los Datos de uso generalmente se conservan durante un per\u00edodo de tiempo m\u00e1s corto, excepto cuando estos datos se utilizan para fortalecer la seguridad o mejorar la funcionalidad de Nuestro Servicio, o estamos obligados legalmente a conservar estos datos durante per\u00edodos de tiempo m\u00e1s largos.<\/p><p><strong>Transferencia de sus datos personales<\/strong><br \/>Su informaci\u00f3n, incluidos los Datos Personales, se procesa en las oficinas operativas de la Compa\u00f1\u00eda y en cualquier otro lugar donde se encuentren las partes involucradas en el procesamiento. Esto significa que esta informaci\u00f3n puede transferirse a computadoras ubicadas fuera de su estado, provincia, pa\u00eds u otra jurisdicci\u00f3n gubernamental donde las leyes de protecci\u00f3n de datos pueden diferir de las de su jurisdicci\u00f3n y mantenerse en ellas.<\/p><p>Su consentimiento a esta Pol\u00edtica de privacidad seguido de su env\u00edo de dicha informaci\u00f3n representa su aceptaci\u00f3n de dicha transferencia.<\/p><p>La Compa\u00f1\u00eda tomar\u00e1 todas las medidas razonablemente necesarias para garantizar que sus datos sean tratados de forma segura y de acuerdo con esta Pol\u00edtica de privacidad y no se realizar\u00e1 ninguna transferencia de sus datos personales a una organizaci\u00f3n o un pa\u00eds a menos que existan controles adecuados, incluida la seguridad de sus datos y otra informaci\u00f3n personal.<\/p><p><strong>Eliminar sus datos personales<\/strong><br \/>Tiene derecho a eliminar o solicitar que le ayudemos a eliminar los Datos Personales que hemos recopilado sobre usted.<\/p><p>Nuestro Servicio puede brindarle la posibilidad de eliminar cierta informaci\u00f3n sobre usted desde el Servicio.<\/p><p>Puede actualizar, modificar o eliminar su informaci\u00f3n en cualquier momento iniciando sesi\u00f3n en su cuenta, si tiene una, y visitando la secci\u00f3n de configuraci\u00f3n de la cuenta que le permite administrar su informaci\u00f3n personal. Tambi\u00e9n puede comunicarse con nosotros para solicitar acceso, corregir o eliminar cualquier informaci\u00f3n personal que nos haya proporcionado.<\/p><p>Sin embargo, tenga en cuenta que es posible que necesitemos conservar cierta informaci\u00f3n cuando tengamos una obligaci\u00f3n legal o una base legal para hacerlo.<\/p><p>\u00a0<\/p><p><strong>Divulgaci\u00f3n de sus datos personales<\/strong><br \/><strong>Transacciones comerciales<\/strong><br \/>Si la Compa\u00f1\u00eda participa en una fusi\u00f3n, adquisici\u00f3n o venta de activos, sus Datos Personales pueden ser transferidos. Le notificaremos antes de que sus Datos Personales sean transferidos y queden sujetos a una Pol\u00edtica de Privacidad diferente.<\/p><p>\u00a0<\/p><p><strong>Aplicaci\u00f3n de la ley<\/strong><br \/>En determinadas circunstancias, la Compa\u00f1\u00eda puede estar obligada a divulgar sus Datos Personales si as\u00ed lo exige la ley o en respuesta a solicitudes v\u00e1lidas de autoridades p\u00fablicas (por ejemplo, un tribunal o una agencia gubernamental).<\/p><p>\u00a0<\/p><p><strong>Otros requisitos legales<\/strong><br \/>La Compa\u00f1\u00eda podr\u00e1 divulgar sus Datos Personales creyendo de buena fe que dicha acci\u00f3n es necesaria para:<\/p><p><strong>Cumplir con una obligaci\u00f3n legal<\/strong><br \/>Proteger y defender los derechos o propiedad de la Compa\u00f1\u00eda<br \/>Prevenir o investigar posibles irregularidades en relaci\u00f3n con el Servicio<br \/>Proteger la seguridad personal de los Usuarios del Servicio o del p\u00fablico<br \/>Protegerse contra la responsabilidad legal<br \/>Seguridad de sus datos personales<br \/>La seguridad de sus datos personales es importante para nosotros, pero recuerde que ning\u00fan m\u00e9todo de transmisi\u00f3n por Internet o m\u00e9todo de almacenamiento electr\u00f3nico es 100 % seguro. Si bien nos esforzamos por utilizar medios comercialmente aceptables para proteger sus datos personales, no podemos garantizar su seguridad absoluta.<\/p><p>\u00a0<\/p><p><strong>Privacidad de los ni\u00f1os<\/strong><br \/>Nuestro Servicio no est\u00e1 dirigido a ninguna persona menor de 13 a\u00f1os. No recopilamos deliberadamente informaci\u00f3n de identificaci\u00f3n personal de ninguna persona menor de 13 a\u00f1os. Si usted es padre o tutor y sabe que su hijo nos ha proporcionado datos personales, comun\u00edquese con nosotros. Si nos damos cuenta de que hemos recopilado datos personales de cualquier persona menor de 13 a\u00f1os sin verificar el consentimiento de los padres, tomamos medidas para eliminar esa informaci\u00f3n de nuestros servidores.<\/p><p>Si necesitamos confiar en el consentimiento como base legal para procesar su informaci\u00f3n y su pa\u00eds requiere el consentimiento de uno de sus padres, es posible que solicitemos el consentimiento de sus padres antes de recopilar y utilizar esa informaci\u00f3n.<\/p><p><strong>Enlaces a otros sitios web<\/strong><br \/>Nuestro Servicio puede contener enlaces a otros sitios web que no son operados por Nosotros. Si hace clic en un enlace de un tercero, ser\u00e1 dirigido al sitio de ese tercero. Le recomendamos encarecidamente que revise la Pol\u00edtica de privacidad de cada sitio que visite.<\/p><p>No tenemos control ni asumimos ninguna responsabilidad por el contenido, las pol\u00edticas de privacidad o las pr\u00e1cticas de sitios o servicios de terceros.<\/p><p><strong>Cambios a esta Pol\u00edtica de Privacidad<\/strong><br \/>Es posible que actualicemos nuestra Pol\u00edtica de privacidad de vez en cuando. Le notificaremos cualquier cambio publicando la nueva Pol\u00edtica de privacidad en esta p\u00e1gina.<\/p><p>Le informaremos por correo electr\u00f3nico y\/o un aviso destacado en nuestro Servicio, antes de que el cambio entre en vigencia y actualizaremos la fecha de \u00ab\u00daltima actualizaci\u00f3n\u00bb en la parte superior de esta Pol\u00edtica de privacidad.<\/p><p>Se recomienda revisar peri\u00f3dicamente esta Pol\u00edtica de privacidad para comprobar si se han producido cambios. Los cambios a esta Pol\u00edtica de privacidad entran en vigor cuando se publican en esta p\u00e1gina.<\/p><h2>\u00a0<\/h2><h4><strong>Cont\u00e1ctenos<\/strong><\/h4><p>Si tiene alguna pregunta sobre esta Pol\u00edtica de Privacidad, puede contactarnos:<\/p><p>Visitando esta p\u00e1gina en nuestro sitio web: <strong>clientes42@audiokiss.com<\/strong><\/p><p>Por correo: Calle Ballivian #314 Montero Santa cruz Bolivia.<\/p>\t\t\t\t\t\t\t\t<\/div>\n\t\t\t\t<\/div>\n\t\t\t\t<div class=\"elementor-element elementor-element-78187db elementor-widget elementor-widget-spacer\" data-id=\"78187db\" data-element_type=\"widget\" data-e-type=\"widget\" data-widget_type=\"spacer.default\">\n\t\t\t\t<div class=\"elementor-widget-container\">\n\t\t\t\t\t\t\t<div class=\"elementor-spacer\">\n\t\t\t<div class=\"elementor-spacer-inner\"><\/div>\n\t\t<\/div>\n\t\t\t\t\t\t<\/div>\n\t\t\t\t<\/div>\n\t\t\t\t\t<\/div>\n\t\t<\/div>\n\t\t\t\t<div class=\"elementor-column elementor-col-16 elementor-top-column elementor-element elementor-element-56eee2b9\" data-id=\"56eee2b9\" data-element_type=\"column\" data-e-type=\"column\">\n\t\t\t<div class=\"elementor-widget-wrap\">\n\t\t\t\t\t\t\t<\/div>\n\t\t<\/div>\n\t\t\t\t\t<\/div>\n\t\t<\/section>\n\t\t\t\t<\/div>\n\t\t","protected":false},"excerpt":{"rendered":"<p>Pol\u00edtica de privacidad \u00daltima actualizaci\u00f3n: 7 de octubre de 2024 Esta Pol\u00edtica de Privacidad describe Nuestras pol\u00edticas y procedimientos sobre la recopilaci\u00f3n, uso y divulgaci\u00f3n de Su informaci\u00f3n cuando utiliza el Servicio y le informa sobre Sus derechos de privacidad y c\u00f3mo la ley lo protege. Utilizamos sus datos personales [&hellip;]<\/p>\n","protected":false},"author":1,"featured_media":0,"parent":0,"menu_order":0,"comment_status":"closed","ping_status":"closed","template":"elementor_header_footer","meta":{"footnotes":""},"class_list":["post-5014","page","type-page","status-publish","hentry"],"_links":{"self":[{"href":"https:\/\/www.audiokiss.com\/tvlatina\/wp-json\/wp\/v2\/pages\/5014","targetHints":{"allow":["GET"]}}],"collection":[{"href":"https:\/\/www.audiokiss.com\/tvlatina\/wp-json\/wp\/v2\/pages"}],"about":[{"href":"https:\/\/www.audiokiss.com\/tvlatina\/wp-json\/wp\/v2\/types\/page"}],"author":[{"embeddable":true,"href":"https:\/\/www.audiokiss.com\/tvlatina\/wp-json\/wp\/v2\/users\/1"}],"replies":[{"embeddable":true,"href":"https:\/\/www.audiokiss.com\/tvlatina\/wp-json\/wp\/v2\/comments?post=5014"}],"version-history":[{"count":0,"href":"https:\/\/www.audiokiss.com\/tvlatina\/wp-json\/wp\/v2\/pages\/5014\/revisions"}],"wp:attachment":[{"href":"https:\/\/www.audiokiss.com\/tvlatina\/wp-json\/wp\/v2\/media?parent=5014"}],"curies":[{"name":"wp","href":"https:\/\/api.w.org\/{rel}","templated":true}]}}